{"id":10767,"date":"2022-05-11T16:03:29","date_gmt":"2022-05-11T16:03:29","guid":{"rendered":"https:\/\/paris.pan.pl\/gallery\/"},"modified":"2022-05-17T10:48:57","modified_gmt":"2022-05-17T10:48:57","slug":"gallery","status":"publish","type":"page","link":"https:\/\/paris.pan.pl\/fr\/gallery\/","title":{"rendered":"Galerie"},"content":{"rendered":"<p>[et_pb_section fb_built=\u00a0\u00bb1&Prime; fullwidth=\u00a0\u00bbon\u00a0\u00bb _builder_version=\u00a0\u00bb3.22&Prime; use_background_color_gradient=\u00a0\u00bbon\u00a0\u00bb background_color_gradient_start=\u00a0\u00bb#00a0e3&Prime; background_color_gradient_end=\u00a0\u00bb#0061ea\u00a0\u00bb background_color_gradient_start_position=\u00a0\u00bb32%\u00a0\u00bb background_color_gradient_end_position=\u00a0\u00bb84%\u00a0\u00bb custom_padding=\u00a0\u00bb0|0|0|0|false|false\u00a0\u00bb top_divider_style=\u00a0\u00bbasymmetric\u00a0\u00bb top_divider_color=\u00a0\u00bb#fcfcfc\u00a0\u00bb top_divider_height=\u00a0\u00bb24px\u00a0\u00bb top_divider_flip=\u00a0\u00bbhorizontal\u00a0\u00bb top_divider_height_tablet=\u00a0\u00bb15px\u00a0\u00bb top_divider_height_phone=\u00a0\u00bb13px\u00a0\u00bb top_divider_height_last_edited=\u00a0\u00bbon|tablet\u00a0\u00bb bottom_divider_color=\u00a0\u00bb#fcfcfc\u00a0\u00bb bottom_divider_height=\u00a0\u00bb42px\u00a0\u00bb bottom_divider_height_tablet=\u00a0\u00bb17px\u00a0\u00bb bottom_divider_height_phone=\u00a0\u00bb13px\u00a0\u00bb bottom_divider_height_last_edited=\u00a0\u00bbon|tablet\u00a0\u00bb global_colors_info=\u00a0\u00bb{}\u00a0\u00bb][et_pb_fullwidth_slider show_pagination=\u00a0\u00bboff\u00a0\u00bb _builder_version=\u00a0\u00bb4.14.1&Prime; header_font=\u00a0\u00bbChivo|700|||||||\u00a0\u00bb header_text_color=\u00a0\u00bbrgba(0,0,0,0)\u00a0\u00bb header_font_size=\u00a0\u00bb46px\u00a0\u00bb body_font=\u00a0\u00bbChivo||||||||\u00a0\u00bb body_text_color=\u00a0\u00bb#FFFFFF\u00a0\u00bb use_background_color_gradient=\u00a0\u00bbon\u00a0\u00bb background_color_gradient_start=\u00a0\u00bb#00a0e3&Prime; background_color_gradient_end=\u00a0\u00bb#0061ea\u00a0\u00bb background_color_gradient_start_position=\u00a0\u00bb32%\u00a0\u00bb background_image=\u00a0\u00bbhttps:\/\/paris.pan.pl\/wp-content\/uploads\/2018\/12\/main_slider01-compressor.jpg\u00a0\u00bb background_position=\u00a0\u00bbtop_left\u00a0\u00bb custom_button=\u00a0\u00bbon\u00a0\u00bb button_text_size=\u00a0\u00bb16px\u00a0\u00bb button_text_color=\u00a0\u00bb#FFFFFF\u00a0\u00bb button_bg_color_gradient_start=\u00a0\u00bb#0c71c3&Prime; button_bg_color_gradient_end=\u00a0\u00bb#2271a3&Prime; button_bg_color_gradient_type=\u00a0\u00bbradial\u00a0\u00bb button_border_width=\u00a0\u00bb0px\u00a0\u00bb button_border_color=\u00a0\u00bb#00a0e3&Prime; button_border_radius=\u00a0\u00bb0px\u00a0\u00bb button_letter_spacing=\u00a0\u00bb1px\u00a0\u00bb button_font=\u00a0\u00bbLato|||on|||||\u00a0\u00bb button_icon=\u00a0\u00bb%%1%%\u00a0\u00bb button_on_hover=\u00a0\u00bboff\u00a0\u00bb button_alignment=\u00a0\u00bbleft\u00a0\u00bb text_orientation=\u00a0\u00bbleft\u00a0\u00bb module_alignment=\u00a0\u00bbleft\u00a0\u00bb custom_margin=\u00a0\u00bb|0px||0px\u00a0\u00bb custom_padding=\u00a0\u00bb|0px||0px|true\u00a0\u00bb animation_style=\u00a0\u00bbfade\u00a0\u00bb animation_direction=\u00a0\u00bbtop\u00a0\u00bb animation_delay=\u00a0\u00bb400ms\u00a0\u00bb hover_transition_duration=\u00a0\u00bb700ms\u00a0\u00bb header_font_size_tablet=\u00a0\u00bb40px\u00a0\u00bb header_font_size_phone=\u00a0\u00bb30px\u00a0\u00bb header_font_size_last_edited=\u00a0\u00bbon|phone\u00a0\u00bb body_font_size_tablet=\u00a0\u00bb20px\u00a0\u00bb body_font_size_phone=\u00a0\u00bb18px\u00a0\u00bb body_font_size_last_edited=\u00a0\u00bbon|phone\u00a0\u00bb custom_css_slide_title=\u00a0\u00bbborder-left: #ffffff||  6px solid; ||padding-left: 20px;||transition: border 600ms ease 0ms,border 300ms ease 0ms;||font-weight:700 !important;||\u00a0\u00bb custom_css_slide_button=\u00a0\u00bbpadding-left: 28px !important;\u00a0\u00bb global_colors_info=\u00a0\u00bb{}\u00a0\u00bb custom_css_slide_title__hover_enabled=\u00a0\u00bbon\u00a0\u00bb custom_css_slide_title__hover=\u00a0\u00bbborder-left:  #ffffff 20px solid; ||padding-left: 20px;||transition: border 600ms ease 0ms,border 300ms ease 0ms;\u00a0\u00bb custom_css_after__hover=\u00a0\u00bb    content: %22%22;||    background-image: linear-gradient(180deg,rgb(0,161,227) 14%,rgb(0,97,234) 66%);||    opacity: 0.89;||    top: 0;||    left: 0;||    bottom: 0;||    z-index: 1 !important;||    right: 0;||    position: absolute;||transition: border 600ms ease 0ms,border 300ms ease 0ms;\u00a0\u00bb][et_pb_slide heading=\u00a0\u00bb Galerie\u00a0\u00bb button_link=\u00a0\u00bb#start\u00a0\u00bb use_bg_overlay=\u00a0\u00bbon\u00a0\u00bb bg_overlay_color=\u00a0\u00bbrgba(0,161,227,0.88)\u00a0\u00bb use_text_overlay=\u00a0\u00bboff\u00a0\u00bb _builder_version=\u00a0\u00bb4.14.1&Prime; header_font=\u00a0\u00bb|700|||||||\u00a0\u00bb header_text_color=\u00a0\u00bbrgba(252,252,252,0.97)\u00a0\u00bb body_font=\u00a0\u00bbChivo|700||on|||||\u00a0\u00bb body_text_color=\u00a0\u00bbrgba(252,252,252,0.97)\u00a0\u00bb body_font_size=\u00a0\u00bb24px\u00a0\u00bb body_letter_spacing=\u00a0\u00bb1px\u00a0\u00bb background_color=\u00a0\u00bbrgba(0,160,227,0)\u00a0\u00bb custom_button=\u00a0\u00bbon\u00a0\u00bb button_text_size=\u00a0\u00bb16px\u00a0\u00bb button_text_color=\u00a0\u00bb#FFFFFF\u00a0\u00bb button_bg_color_gradient_start=\u00a0\u00bb#0c71c3&Prime; button_bg_color_gradient_end=\u00a0\u00bb#2271a3&Prime; button_bg_color_gradient_type=\u00a0\u00bbradial\u00a0\u00bb button_border_width=\u00a0\u00bb0px\u00a0\u00bb button_border_color=\u00a0\u00bb#00a0e3&Prime; button_border_radius=\u00a0\u00bb0px\u00a0\u00bb button_letter_spacing=\u00a0\u00bb1px\u00a0\u00bb button_font=\u00a0\u00bbLato|||on|||||\u00a0\u00bb button_use_icon=\u00a0\u00bbon\u00a0\u00bb button_icon=\u00a0\u00bb&#x22;||divi||400&Prime; button_on_hover=\u00a0\u00bboff\u00a0\u00bb button_alignment=\u00a0\u00bbleft\u00a0\u00bb background_layout=\u00a0\u00bblight\u00a0\u00bb custom_padding=\u00a0\u00bb54px||30px||false\u00a0\u00bb custom_padding_tablet=\u00a0\u00bb|0px||0px\u00a0\u00bb custom_padding_phone=\u00a0\u00bb27vh|0px|44vh|0px\u00a0\u00bb custom_padding_last_edited=\u00a0\u00bboff|desktop\u00a0\u00bb body_font_size_tablet=\u00a0\u00bb\u00a0\u00bb body_font_size_phone=\u00a0\u00bb18px\u00a0\u00bb body_font_size_last_edited=\u00a0\u00bbon|phone\u00a0\u00bb global_colors_info=\u00a0\u00bb{}\u00a0\u00bb allow_player_pause__hover=\u00a0\u00bboff\u00a0\u00bb allow_player_pause__hover_enabled=\u00a0\u00bboff\u00a0\u00bb background_color__hover=\u00a0\u00bb#00a0e3&Prime; background_color__hover_enabled=\u00a0\u00bb#00a0e3&Prime; use_background_color_gradient__hover=\u00a0\u00bboff\u00a0\u00bb use_background_color_gradient__hover_enabled=\u00a0\u00bboff\u00a0\u00bb background_color_gradient_start__hover=\u00a0\u00bb#2b87da\u00a0\u00bb background_color_gradient_start__hover_enabled=\u00a0\u00bb#2b87da\u00a0\u00bb background_color_gradient_end__hover=\u00a0\u00bb#29c4a9&Prime; background_color_gradient_end__hover_enabled=\u00a0\u00bb#29c4a9&Prime; background_color_gradient_type__hover=\u00a0\u00bblinear\u00a0\u00bb background_color_gradient_type__hover_enabled=\u00a0\u00bblinear\u00a0\u00bb background_color_gradient_direction__hover=\u00a0\u00bb180deg\u00a0\u00bb background_color_gradient_direction__hover_enabled=\u00a0\u00bb180deg\u00a0\u00bb background_color_gradient_direction_radial__hover=\u00a0\u00bbcenter\u00a0\u00bb background_color_gradient_direction_radial__hover_enabled=\u00a0\u00bbcenter\u00a0\u00bb background_color_gradient_start_position__hover=\u00a0\u00bb0%\u00a0\u00bb background_color_gradient_start_position__hover_enabled=\u00a0\u00bb0%\u00a0\u00bb background_color_gradient_end_position__hover=\u00a0\u00bb100%\u00a0\u00bb background_color_gradient_end_position__hover_enabled=\u00a0\u00bb100%\u00a0\u00bb background_color_gradient_overlays_image__hover=\u00a0\u00bboff\u00a0\u00bb background_color_gradient_overlays_image__hover_enabled=\u00a0\u00bboff\u00a0\u00bb parallax__hover=\u00a0\u00bboff\u00a0\u00bb parallax__hover_enabled=\u00a0\u00bboff\u00a0\u00bb parallax_method__hover=\u00a0\u00bbon\u00a0\u00bb parallax_method__hover_enabled=\u00a0\u00bbon\u00a0\u00bb background_size__hover=\u00a0\u00bbcover\u00a0\u00bb background_size__hover_enabled=\u00a0\u00bbcover\u00a0\u00bb background_position__hover=\u00a0\u00bbcenter\u00a0\u00bb background_position__hover_enabled=\u00a0\u00bbcenter\u00a0\u00bb background_repeat__hover=\u00a0\u00bbno-repeat\u00a0\u00bb background_repeat__hover_enabled=\u00a0\u00bbno-repeat\u00a0\u00bb background_blend__hover=\u00a0\u00bbnormal\u00a0\u00bb background_blend__hover_enabled=\u00a0\u00bbnormal\u00a0\u00bb background_video_pause_outside_viewport__hover=\u00a0\u00bbon\u00a0\u00bb background_video_pause_outside_viewport__hover_enabled=\u00a0\u00bbon\u00a0\u00bb alignment__hover=\u00a0\u00bbcenter\u00a0\u00bb alignment__hover_enabled=\u00a0\u00bbcenter\u00a0\u00bb header_text_shadow_style__hover=\u00a0\u00bbnone\u00a0\u00bb header_text_shadow_style__hover_enabled=\u00a0\u00bbnone\u00a0\u00bb header_text_shadow_color__hover=\u00a0\u00bbrgba(0,0,0,0.4)\u00a0\u00bb header_text_shadow_color__hover_enabled=\u00a0\u00bbrgba(0,0,0,0.4)\u00a0\u00bb body_text_shadow_style__hover=\u00a0\u00bbnone\u00a0\u00bb body_text_shadow_style__hover_enabled=\u00a0\u00bbnone\u00a0\u00bb body_text_shadow_color__hover=\u00a0\u00bbrgba(0,0,0,0.4)\u00a0\u00bb body_text_shadow_color__hover_enabled=\u00a0\u00bbrgba(0,0,0,0.4)\u00a0\u00bb custom_button__hover=\u00a0\u00bboff\u00a0\u00bb custom_button__hover_enabled=\u00a0\u00bboff\u00a0\u00bb button_text_color__hover=\u00a0\u00bb#00a0e3&Prime; button_text_color__hover_enabled=\u00a0\u00bbon\u00a0\u00bb button_bg_color__hover=\u00a0\u00bbrgba(255,255,255,0)\u00a0\u00bb button_bg_color__hover_enabled=\u00a0\u00bbon\u00a0\u00bb button_bg_use_color_gradient__hover=\u00a0\u00bboff\u00a0\u00bb button_bg_use_color_gradient__hover_enabled=\u00a0\u00bboff\u00a0\u00bb button_bg_color_gradient_start__hover=\u00a0\u00bb#2b87da\u00a0\u00bb button_bg_color_gradient_start__hover_enabled=\u00a0\u00bb#2b87da\u00a0\u00bb button_bg_color_gradient_end__hover=\u00a0\u00bb#29c4a9&Prime; button_bg_color_gradient_end__hover_enabled=\u00a0\u00bb#29c4a9&Prime; button_bg_color_gradient_type__hover=\u00a0\u00bblinear\u00a0\u00bb button_bg_color_gradient_type__hover_enabled=\u00a0\u00bblinear\u00a0\u00bb button_bg_color_gradient_direction__hover=\u00a0\u00bb180deg\u00a0\u00bb button_bg_color_gradient_direction__hover_enabled=\u00a0\u00bb180deg\u00a0\u00bb button_bg_color_gradient_direction_radial__hover=\u00a0\u00bbcenter\u00a0\u00bb button_bg_color_gradient_direction_radial__hover_enabled=\u00a0\u00bbcenter\u00a0\u00bb button_bg_color_gradient_start_position__hover=\u00a0\u00bb0%\u00a0\u00bb button_bg_color_gradient_start_position__hover_enabled=\u00a0\u00bb0%\u00a0\u00bb button_bg_color_gradient_end_position__hover=\u00a0\u00bb100%\u00a0\u00bb button_bg_color_gradient_end_position__hover_enabled=\u00a0\u00bb100%\u00a0\u00bb button_bg_color_gradient_overlays_image__hover=\u00a0\u00bboff\u00a0\u00bb button_bg_color_gradient_overlays_image__hover_enabled=\u00a0\u00bboff\u00a0\u00bb button_bg_parallax__hover=\u00a0\u00bboff\u00a0\u00bb button_bg_parallax__hover_enabled=\u00a0\u00bboff\u00a0\u00bb button_bg_parallax_method__hover=\u00a0\u00bbon\u00a0\u00bb button_bg_parallax_method__hover_enabled=\u00a0\u00bbon\u00a0\u00bb button_bg_size__hover=\u00a0\u00bbcover\u00a0\u00bb button_bg_size__hover_enabled=\u00a0\u00bbcover\u00a0\u00bb button_bg_position__hover=\u00a0\u00bbcenter\u00a0\u00bb button_bg_position__hover_enabled=\u00a0\u00bbcenter\u00a0\u00bb button_bg_repeat__hover=\u00a0\u00bbno-repeat\u00a0\u00bb button_bg_repeat__hover_enabled=\u00a0\u00bbno-repeat\u00a0\u00bb button_bg_blend__hover=\u00a0\u00bbnormal\u00a0\u00bb button_bg_blend__hover_enabled=\u00a0\u00bbnormal\u00a0\u00bb button_bg_allow_player_pause__hover=\u00a0\u00bboff\u00a0\u00bb button_bg_allow_player_pause__hover_enabled=\u00a0\u00bboff\u00a0\u00bb button_bg_video_pause_outside_viewport__hover=\u00a0\u00bbon\u00a0\u00bb button_bg_video_pause_outside_viewport__hover_enabled=\u00a0\u00bbon\u00a0\u00bb button_border_width__hover=\u00a0\u00bb2px\u00a0\u00bb button_text_shadow_style__hover=\u00a0\u00bbnone\u00a0\u00bb button_text_shadow_style__hover_enabled=\u00a0\u00bbnone\u00a0\u00bb button_text_shadow_color__hover=\u00a0\u00bbrgba(0,0,0,0.4)\u00a0\u00bb button_text_shadow_color__hover_enabled=\u00a0\u00bbrgba(0,0,0,0.4)\u00a0\u00bb box_shadow_style_button__hover=\u00a0\u00bbnone\u00a0\u00bb box_shadow_style_button__hover_enabled=\u00a0\u00bbnone\u00a0\u00bb box_shadow_color_button__hover=\u00a0\u00bbrgba(0,0,0,0.3)\u00a0\u00bb box_shadow_color_button__hover_enabled=\u00a0\u00bbrgba(0,0,0,0.3)\u00a0\u00bb background_layout__hover=\u00a0\u00bbdark\u00a0\u00bb background_layout__hover_enabled=\u00a0\u00bbdark\u00a0\u00bb filter_hue_rotate__hover=\u00a0\u00bb0deg\u00a0\u00bb filter_hue_rotate__hover_enabled=\u00a0\u00bb0deg\u00a0\u00bb filter_saturate__hover=\u00a0\u00bb100%\u00a0\u00bb filter_saturate__hover_enabled=\u00a0\u00bb100%\u00a0\u00bb filter_brightness__hover=\u00a0\u00bb100%\u00a0\u00bb filter_brightness__hover_enabled=\u00a0\u00bb100%\u00a0\u00bb filter_contrast__hover=\u00a0\u00bb100%\u00a0\u00bb filter_contrast__hover_enabled=\u00a0\u00bb100%\u00a0\u00bb filter_invert__hover=\u00a0\u00bb0%\u00a0\u00bb filter_invert__hover_enabled=\u00a0\u00bb0%\u00a0\u00bb filter_sepia__hover=\u00a0\u00bb0%\u00a0\u00bb filter_sepia__hover_enabled=\u00a0\u00bb0%\u00a0\u00bb filter_opacity__hover=\u00a0\u00bb100%\u00a0\u00bb filter_opacity__hover_enabled=\u00a0\u00bb100%\u00a0\u00bb filter_blur__hover=\u00a0\u00bb0px\u00a0\u00bb filter_blur__hover_enabled=\u00a0\u00bb0px\u00a0\u00bb mix_blend_mode__hover=\u00a0\u00bbnormal\u00a0\u00bb mix_blend_mode__hover_enabled=\u00a0\u00bbnormal\u00a0\u00bb child_filter_hue_rotate__hover=\u00a0\u00bb0deg\u00a0\u00bb child_filter_hue_rotate__hover_enabled=\u00a0\u00bb0deg\u00a0\u00bb child_filter_saturate__hover=\u00a0\u00bb100%\u00a0\u00bb child_filter_saturate__hover_enabled=\u00a0\u00bb100%\u00a0\u00bb child_filter_brightness__hover=\u00a0\u00bb100%\u00a0\u00bb child_filter_brightness__hover_enabled=\u00a0\u00bb100%\u00a0\u00bb child_filter_contrast__hover=\u00a0\u00bb100%\u00a0\u00bb child_filter_contrast__hover_enabled=\u00a0\u00bb100%\u00a0\u00bb child_filter_invert__hover=\u00a0\u00bb0%\u00a0\u00bb child_filter_invert__hover_enabled=\u00a0\u00bb0%\u00a0\u00bb child_filter_sepia__hover=\u00a0\u00bb0%\u00a0\u00bb child_filter_sepia__hover_enabled=\u00a0\u00bb0%\u00a0\u00bb child_filter_opacity__hover=\u00a0\u00bb100%\u00a0\u00bb child_filter_opacity__hover_enabled=\u00a0\u00bb100%\u00a0\u00bb child_filter_blur__hover=\u00a0\u00bb0px\u00a0\u00bb child_filter_blur__hover_enabled=\u00a0\u00bb0px\u00a0\u00bb child_mix_blend_mode__hover=\u00a0\u00bbnormal\u00a0\u00bb child_mix_blend_mode__hover_enabled=\u00a0\u00bbnormal\u00a0\u00bb text_shadow_style__hover=\u00a0\u00bbnone\u00a0\u00bb text_shadow_style__hover_enabled=\u00a0\u00bbnone\u00a0\u00bb text_shadow_color__hover=\u00a0\u00bbrgba(0,0,0,0.4)\u00a0\u00bb text_shadow_color__hover_enabled=\u00a0\u00bbrgba(0,0,0,0.4)\u00a0\u00bb hover_transition_duration__hover=\u00a0\u00bb300ms\u00a0\u00bb hover_transition_duration__hover_enabled=\u00a0\u00bb300ms\u00a0\u00bb hover_transition_delay__hover=\u00a0\u00bb0ms\u00a0\u00bb hover_transition_delay__hover_enabled=\u00a0\u00bb0ms\u00a0\u00bb hover_transition_speed_curve__hover=\u00a0\u00bbease\u00a0\u00bb hover_transition_speed_curve__hover_enabled=\u00a0\u00bbease\u00a0\u00bb sticky_transition=\u00a0\u00bbon\u00a0\u00bb][\/et_pb_slide][\/et_pb_fullwidth_slider][\/et_pb_section][et_pb_section fb_built=\u00a0\u00bb1&Prime; _builder_version=\u00a0\u00bb4.14.1&Prime; background_enable_color=\u00a0\u00bboff\u00a0\u00bb use_background_color_gradient=\u00a0\u00bbon\u00a0\u00bb background_color_gradient_start=\u00a0\u00bb#ffffff\u00a0\u00bb background_color_gradient_end=\u00a0\u00bb#f2f2f2&Prime; background_color_gradient_direction=\u00a0\u00bb0deg\u00a0\u00bb background_blend=\u00a0\u00bbsoft-light\u00a0\u00bb custom_margin=\u00a0\u00bb-1px||\u00a0\u00bb custom_padding=\u00a0\u00bb30px|0px|76px|0px|false|false\u00a0\u00bb top_divider_height=\u00a0\u00bb47px\u00a0\u00bb top_divider_height_tablet=\u00a0\u00bb19px\u00a0\u00bb top_divider_height_phone=\u00a0\u00bb15px\u00a0\u00bb top_divider_height_last_edited=\u00a0\u00bbon|tablet\u00a0\u00bb bottom_divider_color=\u00a0\u00bb#fcfcfc\u00a0\u00bb bottom_divider_height=\u00a0\u00bb40px\u00a0\u00bb bottom_divider_flip=\u00a0\u00bbvertical|horizontal\u00a0\u00bb bottom_divider_arrangement=\u00a0\u00bbabove_content\u00a0\u00bb bottom_divider_height_tablet=\u00a0\u00bb22px\u00a0\u00bb bottom_divider_height_phone=\u00a0\u00bb17px\u00a0\u00bb bottom_divider_height_last_edited=\u00a0\u00bbon|tablet\u00a0\u00bb animation_style=\u00a0\u00bbfade\u00a0\u00bb border_color_right=\u00a0\u00bb#00A0E3&Prime; global_colors_info=\u00a0\u00bb{}\u00a0\u00bb][et_pb_row column_structure=\u00a0\u00bb3_4,1_4&Prime; use_custom_gutter=\u00a0\u00bbon\u00a0\u00bb make_equal=\u00a0\u00bbon\u00a0\u00bb module_id=\u00a0\u00bbmission\u00a0\u00bb _builder_version=\u00a0\u00bb4.10.8&Prime; width=\u00a0\u00bb70%\u00a0\u00bb width_tablet=\u00a0\u00bb70%\u00a0\u00bb width_phone=\u00a0\u00bb90%\u00a0\u00bb width_last_edited=\u00a0\u00bbon|phone\u00a0\u00bb max_width=\u00a0\u00bb70%\u00a0\u00bb max_width_tablet=\u00a0\u00bb70%\u00a0\u00bb max_width_phone=\u00a0\u00bb90%\u00a0\u00bb max_width_last_edited=\u00a0\u00bbon|phone\u00a0\u00bb custom_padding=\u00a0\u00bb0|0px|0|0px|true|false\u00a0\u00bb animation_style=\u00a0\u00bbfade\u00a0\u00bb use_custom_width=\u00a0\u00bbon\u00a0\u00bb width_unit=\u00a0\u00bboff\u00a0\u00bb custom_width_percent=\u00a0\u00bb70%\u00a0\u00bb custom_width_percent__hover=\u00a0\u00bb80%\u00a0\u00bb global_colors_info=\u00a0\u00bb{}\u00a0\u00bb border_width_all__hover=\u00a0\u00bb5px\u00a0\u00bb width__hover=\u00a0\u00bb80%\u00a0\u00bb max_width__hover=\u00a0\u00bb80%\u00a0\u00bb custom_css_main_1__hover=\u00a0\u00bbbackground:  rgb(243,241,241);|| \u00ab\u00a0][et_pb_column type=\u00a0\u00bb3_4&Prime; _builder_version=\u00a0\u00bb3.25&Prime; custom_padding=\u00a0\u00bb|||\u00a0\u00bb global_colors_info=\u00a0\u00bb{}\u00a0\u00bb custom_padding__hover=\u00a0\u00bb|||\u00a0\u00bb custom_css_main_element__hover=\u00a0\u00bbbackground:  rgb(243,241,241);|| \u00ab\u00a0][et_pb_text ul_type=\u00a0\u00bbcircle\u00a0\u00bb content_last_edited=\u00a0\u00bboff|phone\u00a0\u00bb _builder_version=\u00a0\u00bb4.14.1&Prime; text_font=\u00a0\u00bb||||||||\u00a0\u00bb ul_font=\u00a0\u00bb||||||||\u00a0\u00bb header_font=\u00a0\u00bbChivo|700|||||||\u00a0\u00bb header_font_size=\u00a0\u00bb46px\u00a0\u00bb width=\u00a0\u00bb70%\u00a0\u00bb width_tablet=\u00a0\u00bb70%\u00a0\u00bb width_phone=\u00a0\u00bb90%\u00a0\u00bb width_last_edited=\u00a0\u00bbon|phone\u00a0\u00bb max_width=\u00a0\u00bb70%\u00a0\u00bb max_width_tablet=\u00a0\u00bb70%\u00a0\u00bb max_width_phone=\u00a0\u00bb90%\u00a0\u00bb max_width_last_edited=\u00a0\u00bbon|phone\u00a0\u00bb custom_margin=\u00a0\u00bb30px|||||\u00a0\u00bb custom_padding=\u00a0\u00bb||25px|0px|false|false\u00a0\u00bb animation_style=\u00a0\u00bbflip\u00a0\u00bb animation_direction=\u00a0\u00bbright\u00a0\u00bb animation_delay=\u00a0\u00bb300ms\u00a0\u00bb animation_intensity_flip=\u00a0\u00bb26%\u00a0\u00bb text_font_tablet=\u00a0\u00bb\u00a0\u00bb text_font_phone=\u00a0\u00bb\u00a0\u00bb text_font_last_edited=\u00a0\u00bbon|phone\u00a0\u00bb text_text_color_tablet=\u00a0\u00bb\u00a0\u00bb text_text_color_phone=\u00a0\u00bb\u00a0\u00bb text_text_color_last_edited=\u00a0\u00bbon|phone\u00a0\u00bb text_font_size_tablet=\u00a0\u00bb\u00a0\u00bb text_font_size_phone=\u00a0\u00bb14px\u00a0\u00bb text_font_size_last_edited=\u00a0\u00bbon|desktop\u00a0\u00bb text_letter_spacing_tablet=\u00a0\u00bb\u00a0\u00bb text_letter_spacing_phone=\u00a0\u00bb\u00a0\u00bb text_letter_spacing_last_edited=\u00a0\u00bbon|phone\u00a0\u00bb text_line_height_tablet=\u00a0\u00bb\u00a0\u00bb text_line_height_phone=\u00a0\u00bb\u00a0\u00bb text_line_height_last_edited=\u00a0\u00bbon|phone\u00a0\u00bb header_font_size_tablet=\u00a0\u00bb40px\u00a0\u00bb header_font_size_phone=\u00a0\u00bb30px\u00a0\u00bb header_font_size_last_edited=\u00a0\u00bbon|phone\u00a0\u00bb text_orientation_tablet=\u00a0\u00bb\u00a0\u00bb text_orientation_phone=\u00a0\u00bb\u00a0\u00bb text_orientation_last_edited=\u00a0\u00bbon|phone\u00a0\u00bb background_layout_tablet=\u00a0\u00bb\u00a0\u00bb background_layout_phone=\u00a0\u00bb\u00a0\u00bb background_layout_last_edited=\u00a0\u00bbon|phone\u00a0\u00bb locked=\u00a0\u00bboff\u00a0\u00bb global_colors_info=\u00a0\u00bb{}\u00a0\u00bb]<\/p>\n<p>Vous trouverez ci-dessous les salles situ\u00e9es dans le Centre Scientifique de l\u2019Acad\u00e9mie Polonaise des Sciences \u00e0 Paris utilis\u00e9es pendant les \u00e9v\u00e9nements.<\/p>\n<p>[\/et_pb_text][et_pb_gallery gallery_ids=\u00a0\u00bb10625,10630,10636,10642,10639,10652,10648,10655,10658&Prime; posts_number=\u00a0\u00bb12&Prime; zoom_icon_color=\u00a0\u00bb#ffffff\u00a0\u00bb hover_overlay_color=\u00a0\u00bbrgba(0,160,227,0.73)\u00a0\u00bb hover_icon=\u00a0\u00bb&#x4c;||divi||400&Prime; _builder_version=\u00a0\u00bb4.14.1&Prime; _module_preset=\u00a0\u00bbdefault\u00a0\u00bb title_font=\u00a0\u00bb|600|||||||\u00a0\u00bb title_text_color=\u00a0\u00bbrgba(0,0,0,0.76)\u00a0\u00bb title_font_size=\u00a0\u00bb16px\u00a0\u00bb global_colors_info=\u00a0\u00bb{}\u00a0\u00bb][\/et_pb_gallery][\/et_pb_column][et_pb_column type=\u00a0\u00bb1_4&Prime; _builder_version=\u00a0\u00bb3.25&Prime; custom_padding=\u00a0\u00bb|||\u00a0\u00bb global_colors_info=\u00a0\u00bb{}\u00a0\u00bb custom_padding__hover=\u00a0\u00bb|||\u00a0\u00bb][et_pb_sidebar orientation=\u00a0\u00bbright\u00a0\u00bb area=\u00a0\u00bbet_pb_widget_area_1&Prime; show_border=\u00a0\u00bboff\u00a0\u00bb disabled_on=\u00a0\u00bbon|on|off\u00a0\u00bb _builder_version=\u00a0\u00bb4.10.8&Prime; header_font=\u00a0\u00bb|700|||||||\u00a0\u00bb header_font_size=\u00a0\u00bb24px\u00a0\u00bb body_font=\u00a0\u00bb||||||||\u00a0\u00bb body_font_size=\u00a0\u00bb16px\u00a0\u00bb body_line_height=\u00a0\u00bb1.4em\u00a0\u00bb hover_transition_duration=\u00a0\u00bb750ms\u00a0\u00bb sticky_position=\u00a0\u00bbtop\u00a0\u00bb sticky_offset_top=\u00a0\u00bb50px\u00a0\u00bb sticky_position_last_edited=\u00a0\u00bboff|desktop\u00a0\u00bb global_colors_info=\u00a0\u00bb{}\u00a0\u00bb box_shadow_color__hover_enabled=\u00a0\u00bbon\u00a0\u00bb box_shadow_color__hover=\u00a0\u00bb#00a0e3&Prime;][\/et_pb_sidebar][\/et_pb_column][\/et_pb_row][\/et_pb_section]<\/p>\n","protected":false},"excerpt":{"rendered":"<p>Vous trouverez ci-dessous les salles situ\u00e9es dans le Centre Scientifique de l\u2019Acad\u00e9mie Polonaise des Sciences \u00e0 Paris utilis\u00e9es pendant les \u00e9v\u00e9nements.<\/p>\n","protected":false},"author":1,"featured_media":0,"parent":0,"menu_order":0,"comment_status":"closed","ping_status":"closed","template":"","meta":{"_acf_changed":false,"_et_pb_use_builder":"on","_et_pb_old_content":"","_et_gb_content_width":"","footnotes":""},"class_list":["post-10767","page","type-page","status-publish","hentry"],"acf":[],"_links":{"self":[{"href":"https:\/\/paris.pan.pl\/fr\/wp-json\/wp\/v2\/pages\/10767","targetHints":{"allow":["GET"]}}],"collection":[{"href":"https:\/\/paris.pan.pl\/fr\/wp-json\/wp\/v2\/pages"}],"about":[{"href":"https:\/\/paris.pan.pl\/fr\/wp-json\/wp\/v2\/types\/page"}],"author":[{"embeddable":true,"href":"https:\/\/paris.pan.pl\/fr\/wp-json\/wp\/v2\/users\/1"}],"replies":[{"embeddable":true,"href":"https:\/\/paris.pan.pl\/fr\/wp-json\/wp\/v2\/comments?post=10767"}],"version-history":[{"count":0,"href":"https:\/\/paris.pan.pl\/fr\/wp-json\/wp\/v2\/pages\/10767\/revisions"}],"wp:attachment":[{"href":"https:\/\/paris.pan.pl\/fr\/wp-json\/wp\/v2\/media?parent=10767"}],"curies":[{"name":"wp","href":"https:\/\/api.w.org\/{rel}","templated":true}]}}